{"id":43,"date":"2017-06-20T09:36:14","date_gmt":"2017-06-20T07:36:14","guid":{"rendered":"http:\/\/lfm.danmarksveteraner.dk\/wordpress\/?page_id=43"},"modified":"2017-10-24T08:02:49","modified_gmt":"2017-10-24T06:02:49","slug":"forside","status":"publish","type":"page","link":"https:\/\/lfm.danmarksveteraner.dk\/wordpress\/","title":{"rendered":"Organisation"},"content":{"rendered":"<p><a href=\"http:\/\/lfm.danmarksveteraner.dk\/wordpress\/wp-content\/uploads\/2017\/06\/Test.png\"><img decoding=\"async\" loading=\"lazy\" class=\"alignnone wp-image-494 size-full\" src=\"http:\/\/lfm.danmarksveteraner.dk\/wordpress\/wp-content\/uploads\/2017\/06\/Test.png\" alt=\"\" width=\"1393\" height=\"598\" srcset=\"https:\/\/lfm.danmarksveteraner.dk\/wordpress\/wp-content\/uploads\/2017\/06\/Test.png 1393w, https:\/\/lfm.danmarksveteraner.dk\/wordpress\/wp-content\/uploads\/2017\/06\/Test-300x129.png 300w, https:\/\/lfm.danmarksveteraner.dk\/wordpress\/wp-content\/uploads\/2017\/06\/Test-768x330.png 768w, https:\/\/lfm.danmarksveteraner.dk\/wordpress\/wp-content\/uploads\/2017\/06\/Test-1024x440.png 1024w\" sizes=\"(max-width: 1393px) 100vw, 1393px\" \/><\/a><\/p>\n<p>Danmarks Internationale Veteran Organisation, Danmarks Veteraner er en forening, der samler alle de danske m\u00e6nd og kvinder, der har v\u00e6ret udsendt p\u00e5 en international fredsst\u00f8ttende eller humanit\u00e6r mission.<\/p>\n<p>Siden 1948 har der v\u00e6ret udsendt omkring 100.000 danske m\u00e6nd og kvinder. I perioden mellem 1948 og 1992 var missionerne klassiske FN Fredsbevarende missioner. Siden indsatsen p\u00e5 Balkan begyndte i 1992 har missionerne skiftet til fredsst\u00f8ttende missioner i rammerne af FN; NATO, EU, OSCE og koalitioner.<\/p>\n<p>Vilk\u00e5rene for at l\u00f8se opgaverne under udsendelsen bliver stadig h\u00e5rdere, og nogle kommer hjem med psykiske eller fysiske skader. Alle veteraner fra de internationale missioner skal have et normalt og godt liv efter deres hjemkomst. Derfor har Danmarks Veteraner engageret sig med Veteranst\u00f8tteordningen, der har til form\u00e5l at st\u00f8tte de af vores kammerater, der har problemer under mottoet \u201dVeteraner st\u00f8tter veteraner\u201d.<br \/>\nDanmarks Veteraner varetager&nbsp;danske veteraners interesser nationalt, og er Danmarks internationale stemme i World Veterans Federation.<\/p>\n<p>Danmarks Veteraner samarbejder sn\u00e6vert med veteranorganisationerne i de nordiske lande i rammerne af The Board of the Nordic Blue Berets, og yderligere samarbejder vi med veteranorganisationerne i 12 europ\u00e6iske lande i rammerne af \u201dThe Northern European Conference on Veteran Support\u201d. Der er hidtil holdt 5 konferencer.<\/p>\n<p><span style=\"font-size: medium;\"><br \/>\n<strong><span style=\"color: #253f93;\">Foreningens form\u00e5l er<\/span><br \/>\n<\/strong><span style=\"color: #000000;\">At samle hjemsendt og tjenstg\u00f8rende personel der har deltaget i fredsst\u00f8ttende og humanit\u00e6re missioner, for her igennem at styrke og knytte de kammeratlige b\u00e5nd blandt medlemmerne.<\/span><\/span><\/p>\n<p><span style=\"color: #000000; font-size: medium;\">At gennem &#8220;Veteran-st\u00f8tteordningen&#8221; hj\u00e6lpe veteraner der efter hjemkomst fra international tjeneste har behov herfor.<\/span><\/p>\n<p><span style=\"color: #000000; font-size: medium;\">At medvirke til oplysning om de aktiviteter af fredsst\u00f8ttende og humanit\u00e6r karakter dansk personel deltager i.<\/span><\/p>\n<p><span style=\"font-size: medium;\"><br \/>\n<strong><span style=\"color: #253f93;\">Foreningen<\/span><br \/>\n<\/strong><span style=\"color: #000000;\">Danmarks Veteraner er en landsd\u00e6kkende forening med 19 lokalforeninger. Der er i dag knap 3.000 medlemmer og medlemstallet er st\u00f8t stigende.<br \/>\nDanmarks Veteraners vedt\u00e6gter kan l\u00e6ses<\/span> <a href=\"http:\/\/www.blaabaretter.dk\/organisation\/vedtaegter.html\" target=\"_self\"> her<\/a>.<\/span><\/p>\n<p><span style=\"font-size: medium;\"><br \/>\n<strong><span style=\"color: #253f93;\">Lokalforeningerne<\/span><br \/>\n<\/strong><span style=\"color: #000000;\">De 19 lokalforeninger er der \u201dhvor livet leves\u201d. Lokalforeningerne gennemf\u00f8rer mange forskelligartede arrangementer overalt i landet. Det skal understreges, at alle medlemmer af Danmarks Veteraner kan deltage i et hvilket som helst arrangement i samtlige lokalforeninger.<br \/>\nLokalforeningerne laver ogs\u00e5 arrangementer, hvor familierne kan deltage. Vi er \u201db\u00f8rnevenlige\u201d.<br \/>\nDu kan se mere om lokalforeningerne<\/span> <a href=\"http:\/\/www.blaabaretter.dk\/lokalforeningerne.html\" target=\"_self\"> her<\/a>.<br \/>\n<\/span><\/p>\n<p><strong><span style=\"font-size: medium;\"><span style=\"color: #253f93;\">Historie<\/span><br \/>\n<\/span><\/strong><span style=\"color: #000000; font-size: medium;\">Danmarks Veteraner blev stiftet den 26. oktober 1968 af en gruppe veteraner fra FN-missionen i&nbsp;<\/span><span style=\"color: #000000; font-size: medium;\">Gaza, under navnet \u201dFN-Soldaterforeningen De Bl\u00e5 Baretter\u201d under f\u00f8lgende citat \u201dTil \u00e6re for den velorganiserede indsats af danske soldater, observat\u00f8rer og politifolk i FN\u00b4s fredsbevarende styrker\u201d.<\/span><\/p>\n<p><span style=\"color: #000000; font-size: medium;\">Fra foreningen start og til \u00e5r 2000 havde foreningen kun medlemmer fra egentlige FN indsatser. Den 23. september 2000 blev foreningens vedt\u00e6gter \u00e6ndret s\u00e5ledes at ogs\u00e5 veteraner fra IFOR, SFOR, KFOR osv. kunne optages som medlemmer. I dag er foreningen \u00e5ben for alle danskere, der har v\u00e6ret udsendt p\u00e5 en fredsst\u00f8ttende eller humanit\u00e6r mission under FN, NATO, EU, OSCE og koalitioner.<\/span><\/p>\n<p><span style=\"color: #000000; font-size: medium;\">En af Danmarks Veteraners opgaver er at oplyse om den indsats danske soldater har ydet under de internationale missioner. Blandt andet for at st\u00f8tte dette form\u00e5l tog medlemmer af Danmarks Veteraner initiativet til at oprette FN-Museet i Fr\u00f8slevlejren. Siden oprettelsen har museet udviklet sig meget professionelt og er nu en selvst\u00e6ndig organisation i samarbejde med Danmarks Veteraner.<\/span><\/p>\n","protected":false},"excerpt":{"rendered":"<p>Danmarks Internationale Veteran Organisation, Danmarks Veteraner er en forening, der samler alle de danske m\u00e6nd og kvinder, der har v\u00e6ret<\/p>\n","protected":false},"author":1,"featured_media":0,"parent":0,"menu_order":1,"comment_status":"closed","ping_status":"closed","template":"","meta":[],"_links":{"self":[{"href":"https:\/\/lfm.danmarksveteraner.dk\/wordpress\/index.php?rest_route=\/wp\/v2\/pages\/43"}],"collection":[{"href":"https:\/\/lfm.danmarksveteraner.dk\/wordpress\/index.php?rest_route=\/wp\/v2\/pages"}],"about":[{"href":"https:\/\/lfm.danmarksveteraner.dk\/wordpress\/index.php?rest_route=\/wp\/v2\/types\/page"}],"author":[{"embeddable":true,"href":"https:\/\/lfm.danmarksveteraner.dk\/wordpress\/index.php?rest_route=\/wp\/v2\/users\/1"}],"replies":[{"embeddable":true,"href":"https:\/\/lfm.danmarksveteraner.dk\/wordpress\/index.php?rest_route=%2Fwp%2Fv2%2Fcomments&post=43"}],"version-history":[{"count":9,"href":"https:\/\/lfm.danmarksveteraner.dk\/wordpress\/index.php?rest_route=\/wp\/v2\/pages\/43\/revisions"}],"predecessor-version":[{"id":500,"href":"https:\/\/lfm.danmarksveteraner.dk\/wordpress\/index.php?rest_route=\/wp\/v2\/pages\/43\/revisions\/500"}],"wp:attachment":[{"href":"https:\/\/lfm.danmarksveteraner.dk\/wordpress\/index.php?rest_route=%2Fwp%2Fv2%2Fmedia&parent=43"}],"curies":[{"name":"wp","href":"https:\/\/api.w.org\/{rel}","templated":true}]}}