{"id":46,"date":"2017-06-20T09:38:00","date_gmt":"2017-06-20T07:38:00","guid":{"rendered":"http:\/\/lfm.danmarksveteraner.dk\/wordpress\/?page_id=46"},"modified":"2017-06-23T11:23:46","modified_gmt":"2017-06-23T09:23:46","slug":"bestyrelsen","status":"publish","type":"page","link":"https:\/\/lfm.danmarksveteraner.dk\/wordpress\/?page_id=46","title":{"rendered":"Bestyrelsen"},"content":{"rendered":"<p>For at sende mail til bestyrelsesmedlem, skal du trykke p\u00e5 medlemmets funktion fx <strong>Formand<\/strong><\/p>\n\n<table id=\"tablepress-1\" class=\"tablepress tablepress-id-1\">\n<thead>\n<tr class=\"row-1 odd\">\n\t<th class=\"column-1\">Funktion<\/th><th class=\"column-2\">Navn<\/th><th class=\"column-3\">Adresse<\/th><th class=\"column-4\">Telefonnummer<\/th>\n<\/tr>\n<\/thead>\n<tbody class=\"row-hover\">\n<tr class=\"row-2 even\">\n\t<td class=\"column-1\">Formand<\/td><td class=\"column-2\">Per Amnitzb\u00f8l Rasmussen<\/td><td class=\"column-3\">B\u00f8t\u00f8vej 154 4873 V\u00e6ggerl\u00f8se<\/td><td class=\"column-4\">40351333<\/td>\n<\/tr>\n<tr class=\"row-3 odd\">\n\t<td class=\"column-1\">N\u00e6stformand<\/td><td class=\"column-2\">Ib Myren Jensen<\/td><td class=\"column-3\">Pilesvinget 11 4800 Nyk\u00f8bing F.<\/td><td class=\"column-4\">40417672<\/td>\n<\/tr>\n<tr class=\"row-4 even\">\n\t<td class=\"column-1\">Kasserer<\/td><td class=\"column-2\">Hans Pihl<\/td><td class=\"column-3\">Violvej 14<br \/>\n4900 Nakskov<\/td><td class=\"column-4\">29440008<\/td>\n<\/tr>\n<tr class=\"row-5 odd\">\n\t<td class=\"column-1\">Sekret\u00e6r<\/td><td class=\"column-2\">Poul Erik Knudsen<\/td><td class=\"column-3\">Hybenv\u00e6nget 14<br \/>\n 4970  R\u00f8dby<\/td><td class=\"column-4\">22485389<\/td>\n<\/tr>\n<tr class=\"row-6 even\">\n\t<td class=\"column-1\"><\/td><td class=\"column-2\"><\/td><td class=\"column-3\"><\/td><td class=\"column-4\"><\/td>\n<\/tr>\n<tr class=\"row-7 odd\">\n\t<td class=\"column-1\">Bestyrelsesmedlem<\/td><td class=\"column-2\">Arne Flemming J\u00f8rgensen<\/td><td class=\"column-3\">Knuthenborgvej 38<br \/>\n4930 Maribo<\/td><td class=\"column-4\">26817643<\/td>\n<\/tr>\n<tr class=\"row-8 even\">\n\t<td class=\"column-1\">Bestyrelsesmedlem<\/td><td class=\"column-2\">Sten Yalla Frederiksen<\/td><td class=\"column-3\">Sgt. Clemensvej 13 B 4760 Vordingborg<\/td><td class=\"column-4\">20995326<\/td>\n<\/tr>\n<tr class=\"row-9 odd\">\n\t<td class=\"column-1\">Specialkonsulent<\/td><td class=\"column-2\">Henrik Schjelde<\/td><td class=\"column-3\">Kirkev\u00e6nget 7 <br \/>\n4863 Eskilstrup<\/td><td class=\"column-4\">21328837<\/td>\n<\/tr>\n<tr class=\"row-10 even\">\n\t<td class=\"column-1\">Ansvarlig for f\u00f8dselsdage\/medaljer<\/td><td class=\"column-2\">Ib Myren Jensen<\/td><td class=\"column-3\">Pilesvinget 11<br \/>\n4800 Nyk F.<\/td><td class=\"column-4\">40417672<\/td>\n<\/tr>\n<tr class=\"row-11 odd\">\n\t<td class=\"column-1\">Suppleant<\/td><td class=\"column-2\">Otto Ranthe<\/td><td class=\"column-3\">M\u00f8llerg\u00e5rden 4<br \/>\n4750 Lundby<\/td><td class=\"column-4\">21605722<\/td>\n<\/tr>\n<\/tbody>\n<\/table>\n<!-- #tablepress-1 from cache -->\n","protected":false},"excerpt":{"rendered":"<p>For at sende mail til bestyrelsesmedlem, skal du trykke p\u00e5 medlemmets funktion fx Formand<\/p>\n","protected":false},"author":1,"featured_media":0,"parent":43,"menu_order":1,"comment_status":"closed","ping_status":"closed","template":"","meta":[],"_links":{"self":[{"href":"https:\/\/lfm.danmarksveteraner.dk\/wordpress\/index.php?rest_route=\/wp\/v2\/pages\/46"}],"collection":[{"href":"https:\/\/lfm.danmarksveteraner.dk\/wordpress\/index.php?rest_route=\/wp\/v2\/pages"}],"about":[{"href":"https:\/\/lfm.danmarksveteraner.dk\/wordpress\/index.php?rest_route=\/wp\/v2\/types\/page"}],"author":[{"embeddable":true,"href":"https:\/\/lfm.danmarksveteraner.dk\/wordpress\/index.php?rest_route=\/wp\/v2\/users\/1"}],"replies":[{"embeddable":true,"href":"https:\/\/lfm.danmarksveteraner.dk\/wordpress\/index.php?rest_route=%2Fwp%2Fv2%2Fcomments&post=46"}],"version-history":[{"count":3,"href":"https:\/\/lfm.danmarksveteraner.dk\/wordpress\/index.php?rest_route=\/wp\/v2\/pages\/46\/revisions"}],"predecessor-version":[{"id":86,"href":"https:\/\/lfm.danmarksveteraner.dk\/wordpress\/index.php?rest_route=\/wp\/v2\/pages\/46\/revisions\/86"}],"up":[{"embeddable":true,"href":"https:\/\/lfm.danmarksveteraner.dk\/wordpress\/index.php?rest_route=\/wp\/v2\/pages\/43"}],"wp:attachment":[{"href":"https:\/\/lfm.danmarksveteraner.dk\/wordpress\/index.php?rest_route=%2Fwp%2Fv2%2Fmedia&parent=46"}],"curies":[{"name":"wp","href":"https:\/\/api.w.org\/{rel}","templated":true}]}}