{"id":80,"date":"2017-06-22T18:09:42","date_gmt":"2017-06-22T16:09:42","guid":{"rendered":"http:\/\/lfm.danmarksveteraner.dk\/wordpress\/?page_id=80"},"modified":"2017-08-02T17:43:58","modified_gmt":"2017-08-02T15:43:58","slug":"vedtaegter","status":"publish","type":"page","link":"https:\/\/lfm.danmarksveteraner.dk\/wordpress\/?page_id=80","title":{"rendered":"Vedt\u00e6gter"},"content":{"rendered":"<p>&nbsp;<\/p>\n<p>Vedt\u00e6gter for Danmarks Veteraner \u2013 Lolland-Falster &amp; M\u00f8n, stiftet den 24. oktober 1983.<\/p>\n<p>&nbsp;<\/p>\n<ul>\n<li>1.<\/li>\n<\/ul>\n<p>&nbsp;<\/p>\n<p>Foreningens navn er: Danmarks Veteraner \u2013 Lolland-Falster &amp; M\u00f8n.<\/p>\n<p>&nbsp;<\/p>\n<p>Danmarks Veteraner hed tidligere De Bl\u00e5 Baretter og blev stiftet den 26. oktober 1968 af en gruppe veteraner fra FN-missionen i Gaza, under navnet \u201dFN-Soldaterforeningen De Bl\u00e5 Baretter\u201d under<\/p>\n<p>f\u00f8lgende citat \u201dTil \u00e6re for den velorganiserede indsats af danske soldater, observat\u00f8rer og politifolk<\/p>\n<p>i FN\u2019s fredsbevarende styrker\u201d.<\/p>\n<p>Fra foreningens start og til \u00e5r 2000 havde foreningen kun medlemmer fra egentlige FN indsatser.<\/p>\n<p>Den 23. september 2000 blev foreningens vedt\u00e6gter \u00e6ndret s\u00e5ledes, at ogs\u00e5 veteraner fra operationer<\/p>\n<p>i andre milit\u00e6re koalitioner, kunne optages som medlemmer.<\/p>\n<p>&nbsp;<\/p>\n<p>Dens hjemsted er Foreningshuset, Stationsvej 57, Tingsted, 4800 Nyk\u00f8bing F.<\/p>\n<p>Guldborgsund Kommune.<\/p>\n<p>&nbsp;<\/p>\n<ul>\n<li>2.<\/li>\n<\/ul>\n<p>&nbsp;<\/p>\n<p>Foreningens form\u00e5l er at:<\/p>\n<p>&#8211;\u00a0\u00a0\u00a0\u00a0 Danne rammer for at samle alt dansk personel, der har deltaget i internationale operationer, for herigennem at styrke og knytte de kammeratlige b\u00e5nd blandt medlemmerne.<\/p>\n<p>&#8211;\u00a0\u00a0\u00a0\u00a0 Medvirke til oplysning om de aktiviteter, dansk personel deltager og har deltaget i.<\/p>\n<p>&#8211;\u00a0\u00a0\u00a0\u00a0 Anerkende og h\u00e6dre veteraner \u2013 herunder afd\u00f8de \u2013 p\u00e5 v\u00e6rdig vis.<\/p>\n<p>&#8211;\u00a0\u00a0\u00a0\u00a0 Forvalte de midler, der stilles til r\u00e5dighed for foreningen.<\/p>\n<p>&nbsp;<\/p>\n<ul>\n<li>3.<\/li>\n<\/ul>\n<p>&nbsp;<\/p>\n<p>Adgang til at blive medlem af foreningen har enhver, der har gjort eller g\u00f8r tjeneste for Danmark i fredsst\u00f8ttende og humanit\u00e6re missioner, og har modtaget en medalje herfor (eks. FN-medalje, Nato-medalje eller Forsvarets medalje).<\/p>\n<p>&nbsp;<\/p>\n<p>Den til enhver tid valgte formand og kasserer tegner foreningen udadtil.<\/p>\n<ul>\n<li>4.<\/li>\n<\/ul>\n<p>&nbsp;<\/p>\n<ol>\n<li>Bestyrelsen best\u00e5r af:<br \/>\nFormanden, der v\u00e6lges s\u00e6rskilt i ulige \u00e5r.<br \/>\nKassereren, der v\u00e6lges s\u00e6rskilt i lige \u00e5r.<br \/>\n5 medlemmer, valgene g\u00e6lder for to \u00e5r ad gangen, s\u00e5ledes at der v\u00e6lges tre medlemmer i ulige \u00e5r og to medlemmer i lige \u00e5r.<br \/>\nDer v\u00e6lges 2 suppleanter, 1 bilagskontrollant og 1 bilagskontrollant-suppleant hvert \u00e5r.<\/li>\n<li>Til repr\u00e6sentantskabet v\u00e6lges:<br \/>\nEn repr\u00e6sentant for hvert p\u00e5begyndt antal 100 medlemmer. Idet formanden automatisk er repr\u00e6sentant, kan han ikke v\u00e6lges. Bestyrelsen v\u00e6lger selv sine repr\u00e6sentanter til repr\u00e6sentantskabsm\u00f8det.<\/p>\n<ol>\n<li>Alle valg afg\u00f8res ved simpel stemmeflerhed. Genvalg kan finde sted.<\/li>\n<li>Det er bestyrelsens opgave at lede og tilrettel\u00e6gge foreningens arbejde og udf\u00f8re sit virke i overensstemmelse med \u00a7 2.<\/li>\n<\/ol>\n<\/li>\n<\/ol>\n<p>&nbsp;<\/p>\n<p>&nbsp;<\/p>\n<ul>\n<li>5.<\/li>\n<\/ul>\n<p>&nbsp;<\/p>\n<p>Ordin\u00e6r generalforsamling afholdes en gang hvert \u00e5r, og indkaldes med mindst 21 dages varsel.<\/p>\n<p>Dagsorden udsendes senest 4 dage f\u00f8r generalforsamlingen<\/p>\n<p>Stemmeret har alle som er fuldgyldigt medlem i kalender\u00e5ret. Dvs. man har betalt kontingent.<\/p>\n<p>&nbsp;<\/p>\n<p>Dagsorden<\/p>\n<ol>\n<li>Valg af dirigent og 2 stemmet\u00e6llere<\/li>\n<li>Formandens beretning<\/li>\n<li>Regnskab<\/li>\n<li>Indkomne forslag<\/li>\n<li>Valg<\/li>\n<li>Eventuelt<\/li>\n<\/ol>\n<p>&nbsp;<\/p>\n<p>Ekstraordin\u00e6r generalforsamling, n\u00e5r bestyrelsen sk\u00f8nner det n\u00f8dvendigt, eller n\u00e5r mindst 1\/4 af<\/p>\n<p>medlemmerne, skriftligt fremsender \u00f8nske herom.<\/p>\n<p>&nbsp;<\/p>\n<ul>\n<li>6.<\/li>\n<\/ul>\n<p>&nbsp;<\/p>\n<p>Regnskabs\u00e5ret g\u00e5r fra 1. januar til 31. december. \u00c5rsregnskabet afl\u00e6gges af kasseren, der skal f\u00f8re de for regnskabet n\u00f8dvendige b\u00f8ger. En m\u00e5ned f\u00f8r generalforsamlingen skal regnskabet v\u00e6re afleveret<\/p>\n<p>til bilagskontrollanten.<\/p>\n<p>&nbsp;<\/p>\n<ul>\n<li>7.<\/li>\n<\/ul>\n<p>&nbsp;<\/p>\n<p>Forslag der \u00f8nskes behandlet p\u00e5 ordin\u00e6r generalforsamling skal v\u00e6re formanden i h\u00e6nde senest 14 dage f\u00f8r generalforsamlingens afholdelse.<\/p>\n<p>&nbsp;<\/p>\n<ul>\n<li>8.<\/li>\n<\/ul>\n<p>&nbsp;<\/p>\n<p>For vedtagelse af \u00e6ndringer i vedt\u00e6gterne kr\u00e6ves simpel stemmeflerhed.<\/p>\n<p>&nbsp;<\/p>\n<ul>\n<li>9.<\/li>\n<\/ul>\n<p>&nbsp;<\/p>\n<p>Foreningen kan kun oph\u00e6ves n\u00e5r 2\/3 af de fremm\u00f8dte stemmeberettigede stemmer herfor.<\/p>\n<p>Ved opl\u00f8sning skal foreningens midler og effekter <em>tilfalder FN-Museet i Fr\u00f8slevlejren<\/em><\/p>\n<p><em>\u00a0<\/em><\/p>\n<ul>\n<li>10.<\/li>\n<\/ul>\n<p>&nbsp;<\/p>\n<p>Danmarks Veteraner \u2013 Lolland\u2013Falster &amp; M\u00f8n vil altid v\u00e6re underlagt de i Landsforeningen<\/p>\n<p>Danmarks Veteraner til enhver tid g\u00e6ldende vedt\u00e6gter<\/p>\n<p>&nbsp;<\/p>\n<p>&nbsp;<\/p>\n<p>&nbsp;<\/p>\n<p>&nbsp;<\/p>\n<p>S\u00e5ledes vedtaget den 23. august 1984.<\/p>\n<p>\u00c6ndret p\u00e5 generalforsamlingen den 22. januar 1987.<\/p>\n<p>\u00c6ndret p\u00e5 generalforsamlingen den 28. januar 1988.<\/p>\n<p>\u00c6ndret p\u00e5 generalforsamlingen den 30. januar 1990.<\/p>\n<p>\u00c6ndret p\u00e5 generalforsamlingen den 24. februar 1993.<\/p>\n<p>\u00c6ndret p\u00e5 generalforsamlingen den 20. februar 2002.<\/p>\n<p>\u00c6ndret p\u00e5 generalforsamlingen den 21. marts 2007.<\/p>\n<p>\u00c6ndret p\u00e5 generalforsamlingen den 23.februar 2017.<\/p>\n<p>&nbsp;<\/p>\n","protected":false},"excerpt":{"rendered":"<p>&nbsp; Vedt\u00e6gter for Danmarks Veteraner \u2013 Lolland-Falster &amp; M\u00f8n, stiftet den 24. oktober 1983. &nbsp; 1. &nbsp; Foreningens navn er:<\/p>\n","protected":false},"author":1,"featured_media":0,"parent":43,"menu_order":1,"comment_status":"closed","ping_status":"closed","template":"","meta":[],"_links":{"self":[{"href":"https:\/\/lfm.danmarksveteraner.dk\/wordpress\/index.php?rest_route=\/wp\/v2\/pages\/80"}],"collection":[{"href":"https:\/\/lfm.danmarksveteraner.dk\/wordpress\/index.php?rest_route=\/wp\/v2\/pages"}],"about":[{"href":"https:\/\/lfm.danmarksveteraner.dk\/wordpress\/index.php?rest_route=\/wp\/v2\/types\/page"}],"author":[{"embeddable":true,"href":"https:\/\/lfm.danmarksveteraner.dk\/wordpress\/index.php?rest_route=\/wp\/v2\/users\/1"}],"replies":[{"embeddable":true,"href":"https:\/\/lfm.danmarksveteraner.dk\/wordpress\/index.php?rest_route=%2Fwp%2Fv2%2Fcomments&post=80"}],"version-history":[{"count":4,"href":"https:\/\/lfm.danmarksveteraner.dk\/wordpress\/index.php?rest_route=\/wp\/v2\/pages\/80\/revisions"}],"predecessor-version":[{"id":879,"href":"https:\/\/lfm.danmarksveteraner.dk\/wordpress\/index.php?rest_route=\/wp\/v2\/pages\/80\/revisions\/879"}],"up":[{"embeddable":true,"href":"https:\/\/lfm.danmarksveteraner.dk\/wordpress\/index.php?rest_route=\/wp\/v2\/pages\/43"}],"wp:attachment":[{"href":"https:\/\/lfm.danmarksveteraner.dk\/wordpress\/index.php?rest_route=%2Fwp%2Fv2%2Fmedia&parent=80"}],"curies":[{"name":"wp","href":"https:\/\/api.w.org\/{rel}","templated":true}]}}